{"id":10682,"date":"2023-08-11T13:49:52","date_gmt":"2023-08-11T13:49:52","guid":{"rendered":"http:\/\/spotlightnigeria-france.com\/new\/?page_id=10682"},"modified":"2024-03-22T14:28:42","modified_gmt":"2024-03-22T14:28:42","slug":"previous-editions","status":"publish","type":"page","link":"https:\/\/spotlightnigeria-france.com\/fr\/previous-editions\/","title":{"rendered":"\u00c9ditions pr\u00e9c\u00e9dentes"},"content":{"rendered":"\t\t<div data-elementor-type=\"wp-page\" data-elementor-id=\"10682\" class=\"elementor elementor-10682\" data-elementor-post-type=\"page\">\n\t\t\t\t\t\t<section class=\"elementor-section elementor-top-section elementor-element elementor-element-a7e4f12 elementor-section-boxed elementor-section-height-default elementor-section-height-default\" data-id=\"a7e4f12\" data-element_type=\"section\" data-e-type=\"section\">\r\n\t\t\t\t\t\t<div class=\"elementor-container elementor-column-gap-default jws_section_\" >\r\n\t\t\t\t<div class=\"elementor-column elementor-col-100 elementor-top-column elementor-element elementor-element-6566d05\" data-id=\"6566d05\" data-element_type=\"column\" data-e-type=\"column\">\n\t\t\t<div class=\"elementor-widget-wrap elementor-element-populated\">\n\t\t\t\t\t\t<div class=\"elementor-element elementor-element-b96156f elementor-widget elementor-widget-image\" data-id=\"b96156f\" data-element_type=\"widget\" data-e-type=\"widget\" data-settings=\"{&quot;_animation&quot;:&quot;none&quot;}\" data-widget_type=\"image.default\">\n\t\t\t\t<div class=\"elementor-widget-container\">\n\t\t\t\t\t\t\t\t\t\t\t\t\t\t\t<img fetchpriority=\"high\" decoding=\"async\" width=\"799\" height=\"533\" src=\"https:\/\/spotlightnigeria-france.com\/wp-content\/uploads\/2023\/08\/72be1f3f_c-1.jpg\" class=\"attachment-full size-full wp-image-10583\" alt=\"\" srcset=\"https:\/\/spotlightnigeria-france.com\/wp-content\/uploads\/2023\/08\/72be1f3f_c-1.jpg 799w, https:\/\/spotlightnigeria-france.com\/wp-content\/uploads\/2023\/08\/72be1f3f_c-1-300x200.jpg 300w, https:\/\/spotlightnigeria-france.com\/wp-content\/uploads\/2023\/08\/72be1f3f_c-1-768x512.jpg 768w\" sizes=\"(max-width: 799px) 100vw, 799px\" \/>\t\t\t\t\t\t\t\t\t\t\t\t\t\t\t<\/div>\n\t\t\t\t<\/div>\n\t\t\t\t<div class=\"elementor-element elementor-element-71fe318 elementor-widget elementor-widget-spacer\" data-id=\"71fe318\" data-element_type=\"widget\" data-e-type=\"widget\" data-widget_type=\"spacer.default\">\n\t\t\t\t<div class=\"elementor-widget-container\">\n\t\t\t\t\t\t\t<div class=\"elementor-spacer\">\n\t\t\t<div class=\"elementor-spacer-inner\"><\/div>\n\t\t<\/div>\n\t\t\t\t\t\t<\/div>\n\t\t\t\t<\/div>\n\t\t\t\t<div class=\"elementor-element elementor-element-f150970 elementor-widget elementor-widget-jws_widget_heading\" data-id=\"f150970\" data-element_type=\"widget\" data-e-type=\"widget\" data-settings=\"{&quot;_animation&quot;:&quot;none&quot;}\" data-widget_type=\"jws_widget_heading.default\">\n\t\t\t\t<div class=\"elementor-widget-container\">\n\t\t\t\t\t<div class=\"title-wrapper  center\"><h4 class=\"title\">Complete the form below to download the post-event report that captures the journey of Spotlight Nigeria Business and Investment Forum over six editions<\/h4><\/div>\t\t\t\t<\/div>\n\t\t\t\t<\/div>\n\t\t\t\t\t<\/div>\n\t\t<\/div>\n\t\t\t\t      \r\n            \r\n              \r\n            \r\n            \t\r\n\t\t\t<\/div>\r\n\t\t<\/section>\r\n\t\t\t\t<section class=\"elementor-section elementor-top-section elementor-element elementor-element-365c862 elementor-section-boxed elementor-section-height-default elementor-section-height-default\" data-id=\"365c862\" data-element_type=\"section\" data-e-type=\"section\">\r\n\t\t\t\t\t\t<div class=\"elementor-container elementor-column-gap-default jws_section_\" >\r\n\t\t\t\t<div class=\"elementor-column elementor-col-100 elementor-top-column elementor-element elementor-element-f5f6381\" data-id=\"f5f6381\" data-element_type=\"column\" data-e-type=\"column\">\n\t\t\t<div class=\"elementor-widget-wrap elementor-element-populated\">\n\t\t\t\t\t\t<div class=\"elementor-element elementor-element-782fd8b elementor-widget-divider--view-line elementor-widget elementor-widget-divider\" data-id=\"782fd8b\" data-element_type=\"widget\" data-e-type=\"widget\" data-widget_type=\"divider.default\">\n\t\t\t\t<div class=\"elementor-widget-container\">\n\t\t\t\t\t\t\t<div class=\"elementor-divider\">\n\t\t\t<span class=\"elementor-divider-separator\">\n\t\t\t\t\t\t<\/span>\n\t\t<\/div>\n\t\t\t\t\t\t<\/div>\n\t\t\t\t<\/div>\n\t\t\t\t<div class=\"elementor-element elementor-element-dc9487e elementor-button-align-center elementor-widget__width-initial elementor-widget elementor-widget-form\" data-id=\"dc9487e\" data-element_type=\"widget\" data-e-type=\"widget\" data-settings=\"{&quot;step_next_label&quot;:&quot;Next&quot;,&quot;step_previous_label&quot;:&quot;Previous&quot;,&quot;button_width&quot;:&quot;100&quot;,&quot;step_type&quot;:&quot;number_text&quot;,&quot;step_icon_shape&quot;:&quot;circle&quot;}\" data-widget_type=\"form.default\">\n\t\t\t\t<div class=\"elementor-widget-container\">\n\t\t\t\t\t\t\t<form class=\"elementor-form\" method=\"post\" name=\"New Form\" aria-label=\"New Form\">\r\n\t\t\t<input type=\"hidden\" name=\"post_id\" value=\"10682\"\/>\r\n\t\t\t<input type=\"hidden\" name=\"form_id\" value=\"dc9487e\"\/>\r\n\t\t\t<input type=\"hidden\" name=\"referer_title\" value=\"Spotlight Nigeria\" \/>\r\n\r\n\t\t\t\r\n\t\t\t<div class=\"elementor-form-fields-wrapper elementor-labels-\">\r\n\t\t\t\t\t\t\t\t<div class=\"elementor-field-type-text elementor-field-group elementor-column elementor-field-group-name elementor-col-50 elementor-field-required\">\r\n\t\t\t\t\t\t\t\t\t\t\t\t<label for=\"form-field-name\" class=\"elementor-field-label elementor-screen-only\">\r\n\t\t\t\t\t\t\t\tName\t\t\t\t\t\t\t<\/label>\r\n\t\t\t\t\t\t\t\t\t\t\t\t\t\t<input size=\"1\" type=\"text\" name=\"form_fields[name]\" id=\"form-field-name\" class=\"elementor-field elementor-size-sm  elementor-field-textual\" placeholder=\"First Name *\" required=\"required\">\r\n\t\t\t\t\t\t\t\t\t\t\t<\/div>\r\n\t\t\t\t\t\t\t\t<div class=\"elementor-field-type-text elementor-field-group elementor-column elementor-field-group-field_691818f elementor-col-50 elementor-field-required\">\r\n\t\t\t\t\t\t\t\t\t\t\t\t<label for=\"form-field-field_691818f\" class=\"elementor-field-label elementor-screen-only\">\r\n\t\t\t\t\t\t\t\tLast Name *\t\t\t\t\t\t\t<\/label>\r\n\t\t\t\t\t\t\t\t\t\t\t\t\t\t<input size=\"1\" type=\"text\" name=\"form_fields[field_691818f]\" id=\"form-field-field_691818f\" class=\"elementor-field elementor-size-sm  elementor-field-textual\" placeholder=\"Last Name *\" required=\"required\">\r\n\t\t\t\t\t\t\t\t\t\t\t<\/div>\r\n\t\t\t\t\t\t\t\t<div class=\"elementor-field-type-text elementor-field-group elementor-column elementor-field-group-field_76dd513 elementor-col-50 elementor-field-required\">\r\n\t\t\t\t\t\t\t\t\t\t\t\t<label for=\"form-field-field_76dd513\" class=\"elementor-field-label elementor-screen-only\">\r\n\t\t\t\t\t\t\t\tPhone Number *\t\t\t\t\t\t\t<\/label>\r\n\t\t\t\t\t\t\t\t\t\t\t\t\t\t<input size=\"1\" type=\"text\" name=\"form_fields[field_76dd513]\" id=\"form-field-field_76dd513\" class=\"elementor-field elementor-size-sm  elementor-field-textual\" placeholder=\"Phone Number *\" required=\"required\">\r\n\t\t\t\t\t\t\t\t\t\t\t<\/div>\r\n\t\t\t\t\t\t\t\t<div class=\"elementor-field-type-email elementor-field-group elementor-column elementor-field-group-email elementor-col-50 elementor-field-required\">\r\n\t\t\t\t\t\t\t\t\t\t\t\t<label for=\"form-field-email\" class=\"elementor-field-label elementor-screen-only\">\r\n\t\t\t\t\t\t\t\tEmail\t\t\t\t\t\t\t<\/label>\r\n\t\t\t\t\t\t\t\t\t\t\t\t\t\t<input size=\"1\" type=\"email\" name=\"form_fields[email]\" id=\"form-field-email\" class=\"elementor-field elementor-size-sm  elementor-field-textual\" placeholder=\"Email *\" required=\"required\">\r\n\t\t\t\t\t\t\t\t\t\t\t<\/div>\r\n\t\t\t\t\t\t\t\t<div class=\"elementor-field-type-select elementor-field-group elementor-column elementor-field-group-field_4a8a04a elementor-col-100 elementor-field-required\">\r\n\t\t\t\t\t\t\t\t\t\t\t\t<label for=\"form-field-field_4a8a04a\" class=\"elementor-field-label elementor-screen-only\">\r\n\t\t\t\t\t\t\t\tWhich best describes your company industry? *\t\t\t\t\t\t\t<\/label>\r\n\t\t\t\t\t\t\t\t<div class=\"elementor-field elementor-select-wrapper remove-before \">\r\n\t\t\t<div class=\"select-caret-down-wrapper\">\r\n\t\t\t\t<i aria-hidden=\"true\" class=\"eicon-caret-down\"><\/i>\t\t\t<\/div>\r\n\t\t\t<select name=\"form_fields[field_4a8a04a]\" id=\"form-field-field_4a8a04a\" class=\"elementor-field-textual elementor-size-sm\" required=\"required\">\r\n\t\t\t\t\t\t\t\t\t<option value=\" \">Which best describes your company industry? * <\/option>\r\n\t\t\t\t\t\t\t\t\t<option value=\"Agriculture \">Agriculture<\/option>\r\n\t\t\t\t\t\t\t\t\t<option value=\" Fashion and Cosmetics \">Fashion and Cosmetics<\/option>\r\n\t\t\t\t\t\t\t\t\t<option value=\" ICT \">ICT<\/option>\r\n\t\t\t\t\t\t\t\t\t<option value=\"Digital and Entertainment \">Digital and Entertainment <\/option>\r\n\t\t\t\t\t\t\t\t\t<option value=\"Energy \">Energy <\/option>\r\n\t\t\t\t\t\t\t\t\t<option value=\"Finance \">Finance <\/option>\r\n\t\t\t\t\t\t\t\t\t<option value=\"Media \">Media <\/option>\r\n\t\t\t\t\t\t\t\t\t<option value=\"Multisector Company \">Multisector Company <\/option>\r\n\t\t\t\t\t\t\t\t\t<option value=\"Consulting and services \">Consulting and services <\/option>\r\n\t\t\t\t\t\t\t\t\t<option value=\"NGO\/Foundation\/Association \">NGO\/Foundation\/Association <\/option>\r\n\t\t\t\t\t\t\t\t\t<option value=\"Government \">Government <\/option>\r\n\t\t\t\t\t\t\t\t\t<option value=\" Regulator \">Regulator<\/option>\r\n\t\t\t\t\t\t\t\t\t<option value=\" Academic\/Research Institution \">Academic\/Research Institution <\/option>\r\n\t\t\t\t\t\t\t\t\t<option value=\"Embassies\/Consulates\/Trade Mission\">Embassies\/Consulates\/Trade Mission  <\/option>\r\n\t\t\t\t\t\t\t<\/select>\r\n\t\t<\/div>\r\n\t\t\t\t\t\t<\/div>\r\n\t\t\t\t\t\t\t\t<div class=\"elementor-field-type-text elementor-field-group elementor-column elementor-field-group-field_273cbe3 elementor-col-50 elementor-field-required\">\r\n\t\t\t\t\t\t\t\t\t\t\t\t<label for=\"form-field-field_273cbe3\" class=\"elementor-field-label elementor-screen-only\">\r\n\t\t\t\t\t\t\t\tCity \t\t\t\t\t\t\t<\/label>\r\n\t\t\t\t\t\t\t\t\t\t\t\t\t\t<input size=\"1\" type=\"text\" name=\"form_fields[field_273cbe3]\" id=\"form-field-field_273cbe3\" class=\"elementor-field elementor-size-sm  elementor-field-textual\" placeholder=\"City\" required=\"required\">\r\n\t\t\t\t\t\t\t\t\t\t\t<\/div>\r\n\t\t\t\t\t\t\t\t<div class=\"elementor-field-type-text elementor-field-group elementor-column elementor-field-group-field_3b62a54 elementor-col-50 elementor-field-required\">\r\n\t\t\t\t\t\t\t\t\t\t\t\t<label for=\"form-field-field_3b62a54\" class=\"elementor-field-label elementor-screen-only\">\r\n\t\t\t\t\t\t\t\tJob Title\t\t\t\t\t\t\t<\/label>\r\n\t\t\t\t\t\t\t\t\t\t\t\t\t\t<input size=\"1\" type=\"text\" name=\"form_fields[field_3b62a54]\" id=\"form-field-field_3b62a54\" class=\"elementor-field elementor-size-sm  elementor-field-textual\" placeholder=\"Job Title\" required=\"required\">\r\n\t\t\t\t\t\t\t\t\t\t\t<\/div>\r\n\t\t\t\t\t\t\t\t<div class=\"elementor-field-type-text elementor-field-group elementor-column elementor-field-group-field_d133f58 elementor-col-100 elementor-field-required\">\r\n\t\t\t\t\t\t\t\t\t\t\t\t<label for=\"form-field-field_d133f58\" class=\"elementor-field-label elementor-screen-only\">\r\n\t\t\t\t\t\t\t\tJob Function\t\t\t\t\t\t\t<\/label>\r\n\t\t\t\t\t\t\t\t\t\t\t\t\t\t<input size=\"1\" type=\"text\" name=\"form_fields[field_d133f58]\" id=\"form-field-field_d133f58\" class=\"elementor-field elementor-size-sm  elementor-field-textual\" placeholder=\"Job Function\" required=\"required\">\r\n\t\t\t\t\t\t\t\t\t\t\t<\/div>\r\n\t\t\t\t\t\t\t\t<div class=\"elementor-field-type-recaptcha elementor-field-group elementor-column elementor-field-group-field_746e24a elementor-col-100\">\r\n\t\t\t\t\t<div class=\"elementor-field\" id=\"form-field-field_746e24a\"><div class=\"elementor-g-recaptcha\" data-sitekey=\"6LeHdJ8nAAAAAKdd2A51lJnK9o8RmxbLolc0RPPp\" data-type=\"v2_checkbox\" data-theme=\"light\" data-size=\"normal\"><\/div><\/div>\t\t\t\t<\/div>\r\n\t\t\t\t\t\t\t\t<div class=\"elementor-field-group elementor-column elementor-field-type-submit elementor-col-100 e-form__buttons\">\r\n\t\t\t\t\t<button class=\"elementor-button elementor-size-sm\" type=\"submit\">\r\n\t\t\t\t\t\t<span class=\"elementor-button-content-wrapper\">\r\n\t\t\t\t\t\t\t\t\t\t\t\t\t\t\t\t\t\t\t\t\t\t<span class=\"elementor-button-text\">Download Report<\/span>\r\n\t\t\t\t\t\t\t\t\t\t\t\t\t<\/span>\r\n\t\t\t\t\t<\/button>\r\n\t\t\t\t<\/div>\r\n\t\t\t<\/div>\r\n\t\t<\/form>\r\n\t\t\t\t\t\t<\/div>\n\t\t\t\t<\/div>\n\t\t\t\t\t<\/div>\n\t\t<\/div>\n\t\t\t\t      \r\n            \r\n              \r\n            \r\n            \t\r\n\t\t\t<\/div>\r\n\t\t<\/section>\r\n\t\t\t\t<\/div>\n\t\t","protected":false},"excerpt":{"rendered":"<p>Remplissez le formulaire ci-dessous pour t\u00e9l\u00e9charger le rapport post-\u00e9v\u00e9nement qui retrace le parcours du Spotlight Nigeria Business and Investment Forum sur cinq \u00e9ditions.<\/p>","protected":false},"author":1,"featured_media":0,"parent":0,"menu_order":0,"comment_status":"closed","ping_status":"closed","template":"","meta":{"rs_blank_template":"","rs_page_bg_color":"","slide_template_v7":"","footnotes":""},"class_list":["post-10682","page","type-page","status-publish","hentry"],"yoast_head":"<!-- This site is optimized with the Yoast SEO Premium plugin v27.4 (Yoast SEO v27.4) - https:\/\/yoast.com\/product\/yoast-seo-premium-wordpress\/ -->\n<title>Previous Editions - Spotlight Nigeria<\/title>\n<meta name=\"robots\" content=\"index, follow, max-snippet:-1, max-image-preview:large, max-video-preview:-1\" \/>\n<link rel=\"canonical\" href=\"https:\/\/spotlightnigeria-france.com\/fr\/previous-editions\/\" \/>\n<meta property=\"og:locale\" content=\"fr_FR\" \/>\n<meta property=\"og:type\" content=\"article\" \/>\n<meta property=\"og:title\" content=\"Previous Editions\" \/>\n<meta property=\"og:description\" content=\"Complete the form below to download the post-event report that captures the journey of Spotlight Nigeria Business and Investment Forum over five editions.\" \/>\n<meta property=\"og:url\" content=\"https:\/\/spotlightnigeria-france.com\/fr\/previous-editions\/\" \/>\n<meta property=\"og:site_name\" content=\"Spotlight Nigeria\" \/>\n<meta property=\"article:modified_time\" content=\"2024-03-22T14:28:42+00:00\" \/>\n<meta property=\"og:image\" content=\"http:\/\/spotlightnigeria-france.com\/wp-content\/uploads\/2023\/08\/72be1f3f_c-1.jpg\" \/>\n<meta name=\"twitter:card\" content=\"summary_large_image\" \/>\n<meta name=\"twitter:label1\" content=\"Dur\u00e9e de lecture estim\u00e9e\" \/>\n\t<meta name=\"twitter:data1\" content=\"2 minutes\" \/>\n<script type=\"application\/ld+json\" class=\"yoast-schema-graph\">{\"@context\":\"https:\\\/\\\/schema.org\",\"@graph\":[{\"@type\":\"WebPage\",\"@id\":\"https:\\\/\\\/spotlightnigeria-france.com\\\/previous-editions\\\/\",\"url\":\"https:\\\/\\\/spotlightnigeria-france.com\\\/previous-editions\\\/\",\"name\":\"Previous Editions - Spotlight Nigeria\",\"isPartOf\":{\"@id\":\"https:\\\/\\\/spotlightnigeria-france.com\\\/#website\"},\"primaryImageOfPage\":{\"@id\":\"https:\\\/\\\/spotlightnigeria-france.com\\\/previous-editions\\\/#primaryimage\"},\"image\":{\"@id\":\"https:\\\/\\\/spotlightnigeria-france.com\\\/previous-editions\\\/#primaryimage\"},\"thumbnailUrl\":\"http:\\\/\\\/spotlightnigeria-france.com\\\/wp-content\\\/uploads\\\/2023\\\/08\\\/72be1f3f_c-1.jpg\",\"datePublished\":\"2023-08-11T13:49:52+00:00\",\"dateModified\":\"2024-03-22T14:28:42+00:00\",\"breadcrumb\":{\"@id\":\"https:\\\/\\\/spotlightnigeria-france.com\\\/previous-editions\\\/#breadcrumb\"},\"inLanguage\":\"fr-FR\",\"potentialAction\":[{\"@type\":\"ReadAction\",\"target\":[\"https:\\\/\\\/spotlightnigeria-france.com\\\/previous-editions\\\/\"]}]},{\"@type\":\"ImageObject\",\"inLanguage\":\"fr-FR\",\"@id\":\"https:\\\/\\\/spotlightnigeria-france.com\\\/previous-editions\\\/#primaryimage\",\"url\":\"http:\\\/\\\/spotlightnigeria-france.com\\\/wp-content\\\/uploads\\\/2023\\\/08\\\/72be1f3f_c-1.jpg\",\"contentUrl\":\"http:\\\/\\\/spotlightnigeria-france.com\\\/wp-content\\\/uploads\\\/2023\\\/08\\\/72be1f3f_c-1.jpg\"},{\"@type\":\"BreadcrumbList\",\"@id\":\"https:\\\/\\\/spotlightnigeria-france.com\\\/previous-editions\\\/#breadcrumb\",\"itemListElement\":[{\"@type\":\"ListItem\",\"position\":1,\"name\":\"Home\",\"item\":\"https:\\\/\\\/spotlightnigeria-france.com\\\/\"},{\"@type\":\"ListItem\",\"position\":2,\"name\":\"Previous Editions\"}]},{\"@type\":\"WebSite\",\"@id\":\"https:\\\/\\\/spotlightnigeria-france.com\\\/#website\",\"url\":\"https:\\\/\\\/spotlightnigeria-france.com\\\/\",\"name\":\"Spotlight Nigeria\",\"description\":\"Business and Investment Forum\",\"potentialAction\":[{\"@type\":\"SearchAction\",\"target\":{\"@type\":\"EntryPoint\",\"urlTemplate\":\"https:\\\/\\\/spotlightnigeria-france.com\\\/?s={search_term_string}\"},\"query-input\":{\"@type\":\"PropertyValueSpecification\",\"valueRequired\":true,\"valueName\":\"search_term_string\"}}],\"inLanguage\":\"fr-FR\"}]}<\/script>\n<!-- \/ Yoast SEO Premium plugin. -->","yoast_head_json":{"title":"\u00c9ditions pr\u00e9c\u00e9dentes - Spotlight Nigeria","robots":{"index":"index","follow":"follow","max-snippet":"max-snippet:-1","max-image-preview":"max-image-preview:large","max-video-preview":"max-video-preview:-1"},"canonical":"https:\/\/spotlightnigeria-france.com\/fr\/previous-editions\/","og_locale":"fr_FR","og_type":"article","og_title":"Previous Editions","og_description":"Complete the form below to download the post-event report that captures the journey of Spotlight Nigeria Business and Investment Forum over five editions.","og_url":"https:\/\/spotlightnigeria-france.com\/fr\/previous-editions\/","og_site_name":"Spotlight Nigeria","article_modified_time":"2024-03-22T14:28:42+00:00","og_image":[{"url":"http:\/\/spotlightnigeria-france.com\/wp-content\/uploads\/2023\/08\/72be1f3f_c-1.jpg","type":"","width":"","height":""}],"twitter_card":"summary_large_image","twitter_misc":{"Dur\u00e9e de lecture estim\u00e9e":"2 minutes"},"schema":{"@context":"https:\/\/schema.org","@graph":[{"@type":"WebPage","@id":"https:\/\/spotlightnigeria-france.com\/previous-editions\/","url":"https:\/\/spotlightnigeria-france.com\/previous-editions\/","name":"\u00c9ditions pr\u00e9c\u00e9dentes - Spotlight Nigeria","isPartOf":{"@id":"https:\/\/spotlightnigeria-france.com\/#website"},"primaryImageOfPage":{"@id":"https:\/\/spotlightnigeria-france.com\/previous-editions\/#primaryimage"},"image":{"@id":"https:\/\/spotlightnigeria-france.com\/previous-editions\/#primaryimage"},"thumbnailUrl":"http:\/\/spotlightnigeria-france.com\/wp-content\/uploads\/2023\/08\/72be1f3f_c-1.jpg","datePublished":"2023-08-11T13:49:52+00:00","dateModified":"2024-03-22T14:28:42+00:00","breadcrumb":{"@id":"https:\/\/spotlightnigeria-france.com\/previous-editions\/#breadcrumb"},"inLanguage":"fr-FR","potentialAction":[{"@type":"ReadAction","target":["https:\/\/spotlightnigeria-france.com\/previous-editions\/"]}]},{"@type":"ImageObject","inLanguage":"fr-FR","@id":"https:\/\/spotlightnigeria-france.com\/previous-editions\/#primaryimage","url":"http:\/\/spotlightnigeria-france.com\/wp-content\/uploads\/2023\/08\/72be1f3f_c-1.jpg","contentUrl":"http:\/\/spotlightnigeria-france.com\/wp-content\/uploads\/2023\/08\/72be1f3f_c-1.jpg"},{"@type":"BreadcrumbList","@id":"https:\/\/spotlightnigeria-france.com\/previous-editions\/#breadcrumb","itemListElement":[{"@type":"ListItem","position":1,"name":"Home","item":"https:\/\/spotlightnigeria-france.com\/"},{"@type":"ListItem","position":2,"name":"Previous Editions"}]},{"@type":"WebSite","@id":"https:\/\/spotlightnigeria-france.com\/#website","url":"https:\/\/spotlightnigeria-france.com\/","name":"Spotlight Nig\u00e9ria","description":"Forum des affaires et de l&#039;investissement","potentialAction":[{"@type":"SearchAction","target":{"@type":"EntryPoint","urlTemplate":"https:\/\/spotlightnigeria-france.com\/?s={search_term_string}"},"query-input":{"@type":"PropertyValueSpecification","valueRequired":true,"valueName":"search_term_string"}}],"inLanguage":"fr-FR"}]}},"_links":{"self":[{"href":"https:\/\/spotlightnigeria-france.com\/fr\/wp-json\/wp\/v2\/pages\/10682","targetHints":{"allow":["GET"]}}],"collection":[{"href":"https:\/\/spotlightnigeria-france.com\/fr\/wp-json\/wp\/v2\/pages"}],"about":[{"href":"https:\/\/spotlightnigeria-france.com\/fr\/wp-json\/wp\/v2\/types\/page"}],"author":[{"embeddable":true,"href":"https:\/\/spotlightnigeria-france.com\/fr\/wp-json\/wp\/v2\/users\/1"}],"replies":[{"embeddable":true,"href":"https:\/\/spotlightnigeria-france.com\/fr\/wp-json\/wp\/v2\/comments?post=10682"}],"version-history":[{"count":0,"href":"https:\/\/spotlightnigeria-france.com\/fr\/wp-json\/wp\/v2\/pages\/10682\/revisions"}],"wp:attachment":[{"href":"https:\/\/spotlightnigeria-france.com\/fr\/wp-json\/wp\/v2\/media?parent=10682"}],"curies":[{"name":"wp","href":"https:\/\/api.w.org\/{rel}","templated":true}]}}