{"id":2522,"date":"2022-11-29T02:27:09","date_gmt":"2022-11-29T02:27:09","guid":{"rendered":"http:\/\/spotlightnigeria-france.com\/new\/?page_id=2522"},"modified":"2023-09-26T11:11:33","modified_gmt":"2023-09-26T11:11:33","slug":"schedule-timeline","status":"publish","type":"page","link":"https:\/\/spotlightnigeria-france.com\/fr\/schedule-timeline\/","title":{"rendered":"Chronologie du calendrier"},"content":{"rendered":"<div data-elementor-type=\"wp-page\" data-elementor-id=\"2522\" class=\"elementor elementor-2522\" data-elementor-post-type=\"page\">\n\t\t\t\t\t\t<section class=\"elementor-section elementor-top-section elementor-element elementor-element-a201a49 elementor-section-boxed elementor-section-height-default elementor-section-height-default\" data-id=\"a201a49\" data-element_type=\"section\" data-e-type=\"section\">\r\n\t\t\t\t\t\t<div class=\"elementor-container elementor-column-gap-default jws_section_\" >\r\n\t\t\t\t<div class=\"elementor-column elementor-col-50 elementor-top-column elementor-element elementor-element-d06d5fa\" data-id=\"d06d5fa\" data-element_type=\"column\" data-e-type=\"column\">\n\t\t\t<div class=\"elementor-widget-wrap elementor-element-populated\">\n\t\t\t\t\t\t<div class=\"elementor-element elementor-element-d51e579 elementor-widget elementor-widget-jws_widget_heading\" data-id=\"d51e579\" data-element_type=\"widget\" data-e-type=\"widget\" data-widget_type=\"jws_widget_heading.default\">\n\t\t\t\t<div class=\"elementor-widget-container\">\n\t\t\t\t\t<div class=\"title-wrapper  left\"><h2 class=\"title\">Utilisez votre temps \u00e0 bon escient et tirez le meilleur parti de tout ce qui est l\u00e0.<\/h2><p class=\"des\">Dans la plupart des conf\u00e9rences, vous aurez le choix entre une multitude de sessions, bien plus que ce \u00e0 quoi vous pourrez assister\u00a0! Ainsi, lorsque vous \u00e9tablissez votre emploi du temps, jetez un \u0153il \u00e0 la conf\u00e9rence dans son ensemble. Regardez toutes les sessions et \u00e9v\u00e9nements qui vous int\u00e9ressent, puis assurez-vous de pouvoir assister \u00e0 une gamme de sujets, de sessions de d\u00e9veloppement de comp\u00e9tences et d&#039;\u00e9v\u00e9nements sociaux, tout en vous accordant un peu de temps libre.\n<br\/>\n<br\/>\nEt si vous vous retrouvez dans une s\u00e9ance qui ne correspond pas tout \u00e0 fait \u00e0 ce que vous pensiez, ne vous sentez pas mal de la sauter et d&#039;en passer \u00e0 une autre.<\/p><\/div>\t\t\t\t<\/div>\n\t\t\t\t<\/div>\n\t\t\t\t<div class=\"elementor-element elementor-element-298017f elementor-widget elementor-widget-bloompixel-gradient-button\" data-id=\"298017f\" data-element_type=\"widget\" data-e-type=\"widget\" data-widget_type=\"bloompixel-gradient-button.default\">\n\t\t\t\t<div class=\"elementor-widget-container\">\n\t\t\t\t\t\t\t<div class=\"elementor-button-wrapper button-text\">\r\n\t\t\t<a href=\"#\" class=\"elementor-button-link elementor-button btn-main elementor-size-sm\" role=\"button\">\r\n\t\t\t\t\t\t<span class=\"elementor-button-content-wrapper\">\r\n\t\t\t\t\t\t<span class=\"elementor-button-icon elementor-align-icon-right\">\r\n\t\t\t\t<i aria-hidden=\"true\" class=\"jws-icon-arrow-right2\"><\/i>  \r\n\t\t\t<\/span>\r\n\t\t\t\t\t\t<span class=\"elementor-button-text\"  >T\u00e9l\u00e9charger l&#039;ordre du jour<\/span>\r\n\t\t<\/span>\r\n\t\t\t\t\t<\/a>\r\n\t\t<\/div>\r\n\t\t\t\t\t\t<\/div>\n\t\t\t\t<\/div>\n\t\t\t\t\t<\/div>\n\t\t<\/div>\n\t\t\t\t<div class=\"elementor-column elementor-col-50 elementor-top-column elementor-element elementor-element-add2eaf\" data-id=\"add2eaf\" data-element_type=\"column\" data-e-type=\"column\">\n\t\t\t<div class=\"elementor-widget-wrap elementor-element-populated\">\n\t\t\t\t        <div class=\"shade_animation shade-adbed9a\">\r\n\t\t             \t\t\t\t<div class=\"shade_wrap elementor-repeater-item-f341e29\">\r\n                                <div class=\"shade_wrap_inner alternate infinite\">\r\n                                    <img decoding=\"async\" src=\"http:\/\/spotlightnigeria-france.com\/wp-content\/uploads\/2022\/12\/vector-part.svg\" alt=\"thumbnail\">  \r\n                                <\/div>  \r\n                            <\/div>\r\n                    <\/div>\r\n        \t\t<section class=\"elementor-section elementor-inner-section elementor-element elementor-element-adbed9a elementor-section-full_width jws-shade-yes elementor-section-height-default elementor-section-height-default\" data-id=\"adbed9a\" data-element_type=\"section\" data-e-type=\"section\">\r\n\t\t\t\t\t\t<div class=\"elementor-container elementor-column-gap-no jws_section_\" >\r\n\t\t\t\t<div class=\"elementor-column elementor-col-50 elementor-inner-column elementor-element elementor-element-6a15dfc\" data-id=\"6a15dfc\" data-element_type=\"column\" data-e-type=\"column\">\n\t\t\t<div class=\"elementor-widget-wrap elementor-element-populated\">\n\t\t\t\t\t\t<div class=\"elementor-element elementor-element-f4d4e47 elementor-invisible elementor-widget elementor-widget-image\" data-id=\"f4d4e47\" data-element_type=\"widget\" data-e-type=\"widget\" data-settings=\"{&quot;_animation&quot;:&quot;scalein&quot;}\" data-widget_type=\"image.default\">\n\t\t\t\t<div class=\"elementor-widget-container\">\n\t\t\t\t\t\t\t\t\t\t\t\t\t\t\t<img fetchpriority=\"high\" decoding=\"async\" width=\"500\" height=\"954\" src=\"https:\/\/spotlightnigeria-france.com\/wp-content\/uploads\/2023\/01\/mask-schedule-min.png\" class=\"attachment-full size-full wp-image-9471\" alt=\"\" srcset=\"https:\/\/spotlightnigeria-france.com\/wp-content\/uploads\/2023\/01\/mask-schedule-min.png 500w, https:\/\/spotlightnigeria-france.com\/wp-content\/uploads\/2023\/01\/mask-schedule-min-157x300.png 157w\" sizes=\"(max-width: 500px) 100vw, 500px\" \/>\t\t\t\t\t\t\t\t\t\t\t\t\t\t\t<\/div>\n\t\t\t\t<\/div>\n\t\t\t\t\t<\/div>\n\t\t<\/div>\n\t\t\t\t<div class=\"elementor-column elementor-col-50 elementor-inner-column elementor-element elementor-element-e63da64\" data-id=\"e63da64\" data-element_type=\"column\" data-e-type=\"column\">\n\t\t\t<div class=\"elementor-widget-wrap elementor-element-populated\">\n\t\t\t\t\t\t<div class=\"elementor-element elementor-element-683eb51 elementor-invisible elementor-widget elementor-widget-image\" data-id=\"683eb51\" data-element_type=\"widget\" data-e-type=\"widget\" data-settings=\"{&quot;_animation&quot;:&quot;scalein&quot;}\" data-widget_type=\"image.default\">\n\t\t\t\t<div class=\"elementor-widget-container\">\n\t\t\t\t\t\t\t\t\t\t\t\t\t\t\t<img decoding=\"async\" width=\"500\" height=\"954\" src=\"https:\/\/spotlightnigeria-france.com\/wp-content\/uploads\/2022\/12\/mask-schedule-2.png\" class=\"attachment-full size-full wp-image-6356\" alt=\"\" srcset=\"https:\/\/spotlightnigeria-france.com\/wp-content\/uploads\/2022\/12\/mask-schedule-2.png 500w, https:\/\/spotlightnigeria-france.com\/wp-content\/uploads\/2022\/12\/mask-schedule-2-157x300.png 157w\" sizes=\"(max-width: 500px) 100vw, 500px\" \/>\t\t\t\t\t\t\t\t\t\t\t\t\t\t\t<\/div>\n\t\t\t\t<\/div>\n\t\t\t\t\t<\/div>\n\t\t<\/div>\n\t\t\t\t      \r\n            \r\n              \r\n            \r\n            \t\r\n\t\t\t<\/div>\r\n\t\t<\/section>\r\n\t\t\t\t\t<\/div>\n\t\t<\/div>\n\t\t\t\t      \r\n            \r\n              \r\n            \r\n            \t\r\n\t\t\t<\/div>\r\n\t\t<\/section>\r\n\t\t        <div class=\"shade_animation shade-c3da417\">\r\n\t\t             \t\t\t\t<div class=\"shade_wrap elementor-repeater-item-ed7ce0d\">\r\n                                <div class=\"shade_wrap_inner alternate infinite\">\r\n                                    <img decoding=\"async\" src=\"http:\/\/spotlightnigeria-france.com\/wp-content\/uploads\/2022\/11\/blob-yellow.svg\" alt=\"thumbnail\">  \r\n                                <\/div>  \r\n                            <\/div>\r\n                        \t\t\t\t<div class=\"shade_wrap elementor-repeater-item-7966e35\">\r\n                                <div class=\"shade_wrap_inner alternate infinite\">\r\n                                    <img decoding=\"async\" src=\"http:\/\/spotlightnigeria-france.com\/wp-content\/uploads\/2022\/11\/wave-black.svg\" alt=\"thumbnail\">  \r\n                                <\/div>  \r\n                            <\/div>\r\n                        \t\t\t\t<div class=\"shade_wrap elementor-repeater-item-2bb6f45\">\r\n                                <div class=\"shade_wrap_inner alternate infinite\">\r\n                                    <img decoding=\"async\" src=\"http:\/\/spotlightnigeria-france.com\/wp-content\/uploads\/2022\/11\/blob-pink.svg\" alt=\"thumbnail\">  \r\n                                <\/div>  \r\n                            <\/div>\r\n                        \t\t\t\t<div class=\"shade_wrap elementor-repeater-item-bc5cc9c\">\r\n                                <div class=\"shade_wrap_inner alternate infinite\">\r\n                                    <img decoding=\"async\" src=\"http:\/\/spotlightnigeria-france.com\/wp-content\/uploads\/2022\/11\/plus-black-double.svg\" alt=\"thumbnail\">  \r\n                                <\/div>  \r\n                            <\/div>\r\n                    <\/div>\r\n        \t\t<section class=\"elementor-section elementor-top-section elementor-element elementor-element-c3da417 jws-shade-yes elementor-section-boxed elementor-section-height-default elementor-section-height-default\" data-id=\"c3da417\" data-element_type=\"section\" data-e-type=\"section\">\r\n\t\t\t\t\t\t<div class=\"elementor-container elementor-column-gap-default jws_section_\" >\r\n\t\t\t\t<div class=\"elementor-column elementor-col-100 elementor-top-column elementor-element elementor-element-4a7fcb4\" data-id=\"4a7fcb4\" data-element_type=\"column\" data-e-type=\"column\">\n\t\t\t<div class=\"elementor-widget-wrap elementor-element-populated\">\n\t\t\t\t\t\t<div class=\"elementor-element elementor-element-5b99c7a elementor-widget elementor-widget-jws_widget_heading\" data-id=\"5b99c7a\" data-element_type=\"widget\" data-e-type=\"widget\" data-widget_type=\"jws_widget_heading.default\">\n\t\t\t\t<div class=\"elementor-widget-container\">\n\t\t\t\t\t<div class=\"title-wrapper  center\"><h2 class=\"title\">Planification des horaires<\/h2><p class=\"des\">D\u00e9couvrez les prochains sujets qui seront abord\u00e9s lors de la Conf\u00e9rence\u00a0!<\/p><\/div>\t\t\t\t<\/div>\n\t\t\t\t<\/div>\n\t\t\t\t<div class=\"elementor-element elementor-element-7472e11 elementor-widget__width-initial elementor-widget elementor-widget-jws_events_schedule\" data-id=\"7472e11\" data-element_type=\"widget\" data-e-type=\"widget\" data-widget_type=\"jws_events_schedule.default\">\n\t\t\t\t<div class=\"elementor-widget-container\">\n\t\t\t\t\t    <div class=\"jws-events_schedules-element\">\r\n      <div class=\"row jws-events_schedule-content jws-events_schedule-time_line\" >\r\n      <div class=\"jws_events_schedule_item col-xl-12  col-lg-12  col-12\">\r\n                                <div class=\"jws_events_schedule_inner\"><\/div><div class=\"jws_timeline_line\"><\/div><\/div>      <\/div>\r\n    <\/div>\r\n    \t\t\t\t<\/div>\n\t\t\t\t<\/div>\n\t\t\t\t\t<\/div>\n\t\t<\/div>\n\t\t\t\t      \r\n            \r\n              \r\n            \r\n            \t\r\n\t\t\t<\/div>\r\n\t\t<\/section>\r\n\t\t\t\t<\/div>","protected":false},"excerpt":{"rendered":"<p>Using your time wisely and getting the most out of all that\u2019s there. At most conferences, there will be an abundance of sessions to choose from\u2014many more than you\u2019ll be able to attend! So when you\u2019re plotting your schedule, take a look at the conference as a whole. Look at all the sessions and events [&hellip;]<\/p>\n","protected":false},"author":1,"featured_media":0,"parent":0,"menu_order":0,"comment_status":"closed","ping_status":"closed","template":"","meta":{"rs_blank_template":"","rs_page_bg_color":"","slide_template_v7":"","footnotes":""},"class_list":["post-2522","page","type-page","status-publish","hentry"],"yoast_head":"<!-- This site is optimized with the Yoast SEO Premium plugin v27.4 (Yoast SEO v27.5) - https:\/\/yoast.com\/product\/yoast-seo-premium-wordpress\/ -->\n<title>Schedule Timeline - Spotlight Nigeria<\/title>\n<meta name=\"robots\" content=\"index, follow, max-snippet:-1, max-image-preview:large, max-video-preview:-1\" \/>\n<link rel=\"canonical\" href=\"https:\/\/spotlightnigeria-france.com\/fr\/schedule-timeline\/\" \/>\n<meta property=\"og:locale\" content=\"fr_FR\" \/>\n<meta property=\"og:type\" content=\"article\" \/>\n<meta property=\"og:title\" content=\"Schedule Timeline\" \/>\n<meta property=\"og:description\" content=\"Using your time wisely and getting the most out of all that\u2019s there. At most conferences, there will be an abundance of sessions to choose from\u2014many more than you\u2019ll be able to attend! So when you\u2019re plotting your schedule, take a look at the conference as a whole. Look at all the sessions and events [&hellip;]\" \/>\n<meta property=\"og:url\" content=\"https:\/\/spotlightnigeria-france.com\/fr\/schedule-timeline\/\" \/>\n<meta property=\"og:site_name\" content=\"Spotlight Nigeria\" \/>\n<meta property=\"article:modified_time\" content=\"2023-09-26T11:11:33+00:00\" \/>\n<meta property=\"og:image\" content=\"http:\/\/spotlightnigeria-france.com\/wp-content\/uploads\/2023\/01\/mask-schedule-min.png\" \/>\n<meta name=\"twitter:card\" content=\"summary_large_image\" \/>\n<meta name=\"twitter:label1\" content=\"Dur\u00e9e de lecture estim\u00e9e\" \/>\n\t<meta name=\"twitter:data1\" content=\"1 minute\" \/>\n<script type=\"application\/ld+json\" class=\"yoast-schema-graph\">{\"@context\":\"https:\\\/\\\/schema.org\",\"@graph\":[{\"@type\":\"WebPage\",\"@id\":\"https:\\\/\\\/spotlightnigeria-france.com\\\/schedule-timeline\\\/\",\"url\":\"https:\\\/\\\/spotlightnigeria-france.com\\\/schedule-timeline\\\/\",\"name\":\"Schedule Timeline - Spotlight Nigeria\",\"isPartOf\":{\"@id\":\"https:\\\/\\\/spotlightnigeria-france.com\\\/#website\"},\"primaryImageOfPage\":{\"@id\":\"https:\\\/\\\/spotlightnigeria-france.com\\\/schedule-timeline\\\/#primaryimage\"},\"image\":{\"@id\":\"https:\\\/\\\/spotlightnigeria-france.com\\\/schedule-timeline\\\/#primaryimage\"},\"thumbnailUrl\":\"http:\\\/\\\/spotlightnigeria-france.com\\\/wp-content\\\/uploads\\\/2023\\\/01\\\/mask-schedule-min.png\",\"datePublished\":\"2022-11-29T02:27:09+00:00\",\"dateModified\":\"2023-09-26T11:11:33+00:00\",\"breadcrumb\":{\"@id\":\"https:\\\/\\\/spotlightnigeria-france.com\\\/schedule-timeline\\\/#breadcrumb\"},\"inLanguage\":\"fr-FR\",\"potentialAction\":[{\"@type\":\"ReadAction\",\"target\":[\"https:\\\/\\\/spotlightnigeria-france.com\\\/schedule-timeline\\\/\"]}]},{\"@type\":\"ImageObject\",\"inLanguage\":\"fr-FR\",\"@id\":\"https:\\\/\\\/spotlightnigeria-france.com\\\/schedule-timeline\\\/#primaryimage\",\"url\":\"http:\\\/\\\/spotlightnigeria-france.com\\\/wp-content\\\/uploads\\\/2023\\\/01\\\/mask-schedule-min.png\",\"contentUrl\":\"http:\\\/\\\/spotlightnigeria-france.com\\\/wp-content\\\/uploads\\\/2023\\\/01\\\/mask-schedule-min.png\"},{\"@type\":\"BreadcrumbList\",\"@id\":\"https:\\\/\\\/spotlightnigeria-france.com\\\/schedule-timeline\\\/#breadcrumb\",\"itemListElement\":[{\"@type\":\"ListItem\",\"position\":1,\"name\":\"Home\",\"item\":\"https:\\\/\\\/spotlightnigeria-france.com\\\/\"},{\"@type\":\"ListItem\",\"position\":2,\"name\":\"Schedule Timeline\"}]},{\"@type\":\"WebSite\",\"@id\":\"https:\\\/\\\/spotlightnigeria-france.com\\\/#website\",\"url\":\"https:\\\/\\\/spotlightnigeria-france.com\\\/\",\"name\":\"Spotlight Nigeria\",\"description\":\"Business and Investment Forum\",\"potentialAction\":[{\"@type\":\"SearchAction\",\"target\":{\"@type\":\"EntryPoint\",\"urlTemplate\":\"https:\\\/\\\/spotlightnigeria-france.com\\\/?s={search_term_string}\"},\"query-input\":{\"@type\":\"PropertyValueSpecification\",\"valueRequired\":true,\"valueName\":\"search_term_string\"}}],\"inLanguage\":\"fr-FR\"}]}<\/script>\n<!-- \/ Yoast SEO Premium plugin. -->","yoast_head_json":{"title":"Chronologie du calendrier - Spotlight Nig\u00e9ria","robots":{"index":"index","follow":"follow","max-snippet":"max-snippet:-1","max-image-preview":"max-image-preview:large","max-video-preview":"max-video-preview:-1"},"canonical":"https:\/\/spotlightnigeria-france.com\/fr\/schedule-timeline\/","og_locale":"fr_FR","og_type":"article","og_title":"Schedule Timeline","og_description":"Using your time wisely and getting the most out of all that\u2019s there. At most conferences, there will be an abundance of sessions to choose from\u2014many more than you\u2019ll be able to attend! So when you\u2019re plotting your schedule, take a look at the conference as a whole. Look at all the sessions and events [&hellip;]","og_url":"https:\/\/spotlightnigeria-france.com\/fr\/schedule-timeline\/","og_site_name":"Spotlight Nigeria","article_modified_time":"2023-09-26T11:11:33+00:00","og_image":[{"url":"http:\/\/spotlightnigeria-france.com\/wp-content\/uploads\/2023\/01\/mask-schedule-min.png","type":"","width":"","height":""}],"twitter_card":"summary_large_image","twitter_misc":{"Dur\u00e9e de lecture estim\u00e9e":"1 minute"},"schema":{"@context":"https:\/\/schema.org","@graph":[{"@type":"WebPage","@id":"https:\/\/spotlightnigeria-france.com\/schedule-timeline\/","url":"https:\/\/spotlightnigeria-france.com\/schedule-timeline\/","name":"Chronologie du calendrier - Spotlight Nig\u00e9ria","isPartOf":{"@id":"https:\/\/spotlightnigeria-france.com\/#website"},"primaryImageOfPage":{"@id":"https:\/\/spotlightnigeria-france.com\/schedule-timeline\/#primaryimage"},"image":{"@id":"https:\/\/spotlightnigeria-france.com\/schedule-timeline\/#primaryimage"},"thumbnailUrl":"http:\/\/spotlightnigeria-france.com\/wp-content\/uploads\/2023\/01\/mask-schedule-min.png","datePublished":"2022-11-29T02:27:09+00:00","dateModified":"2023-09-26T11:11:33+00:00","breadcrumb":{"@id":"https:\/\/spotlightnigeria-france.com\/schedule-timeline\/#breadcrumb"},"inLanguage":"fr-FR","potentialAction":[{"@type":"ReadAction","target":["https:\/\/spotlightnigeria-france.com\/schedule-timeline\/"]}]},{"@type":"ImageObject","inLanguage":"fr-FR","@id":"https:\/\/spotlightnigeria-france.com\/schedule-timeline\/#primaryimage","url":"http:\/\/spotlightnigeria-france.com\/wp-content\/uploads\/2023\/01\/mask-schedule-min.png","contentUrl":"http:\/\/spotlightnigeria-france.com\/wp-content\/uploads\/2023\/01\/mask-schedule-min.png"},{"@type":"BreadcrumbList","@id":"https:\/\/spotlightnigeria-france.com\/schedule-timeline\/#breadcrumb","itemListElement":[{"@type":"ListItem","position":1,"name":"Home","item":"https:\/\/spotlightnigeria-france.com\/"},{"@type":"ListItem","position":2,"name":"Schedule Timeline"}]},{"@type":"WebSite","@id":"https:\/\/spotlightnigeria-france.com\/#website","url":"https:\/\/spotlightnigeria-france.com\/","name":"Spotlight Nig\u00e9ria","description":"Forum des affaires et de l&#039;investissement","potentialAction":[{"@type":"SearchAction","target":{"@type":"EntryPoint","urlTemplate":"https:\/\/spotlightnigeria-france.com\/?s={search_term_string}"},"query-input":{"@type":"PropertyValueSpecification","valueRequired":true,"valueName":"search_term_string"}}],"inLanguage":"fr-FR"}]}},"_links":{"self":[{"href":"https:\/\/spotlightnigeria-france.com\/fr\/wp-json\/wp\/v2\/pages\/2522","targetHints":{"allow":["GET"]}}],"collection":[{"href":"https:\/\/spotlightnigeria-france.com\/fr\/wp-json\/wp\/v2\/pages"}],"about":[{"href":"https:\/\/spotlightnigeria-france.com\/fr\/wp-json\/wp\/v2\/types\/page"}],"author":[{"embeddable":true,"href":"https:\/\/spotlightnigeria-france.com\/fr\/wp-json\/wp\/v2\/users\/1"}],"replies":[{"embeddable":true,"href":"https:\/\/spotlightnigeria-france.com\/fr\/wp-json\/wp\/v2\/comments?post=2522"}],"version-history":[{"count":0,"href":"https:\/\/spotlightnigeria-france.com\/fr\/wp-json\/wp\/v2\/pages\/2522\/revisions"}],"wp:attachment":[{"href":"https:\/\/spotlightnigeria-france.com\/fr\/wp-json\/wp\/v2\/media?parent=2522"}],"curies":[{"name":"wp","href":"https:\/\/api.w.org\/{rel}","templated":true}]}}