{"id":4429,"date":"2022-12-06T08:45:34","date_gmt":"2022-12-06T08:45:34","guid":{"rendered":"http:\/\/spotlightnigeria-france.com\/new\/?page_id=4429"},"modified":"2023-08-11T11:40:11","modified_gmt":"2023-08-11T11:40:11","slug":"gallery","status":"publish","type":"page","link":"https:\/\/spotlightnigeria-france.com\/fr\/gallery\/","title":{"rendered":"Galerie"},"content":{"rendered":"<div data-elementor-type=\"wp-page\" data-elementor-id=\"4429\" class=\"elementor elementor-4429\" data-elementor-post-type=\"page\">\n\t\t\t\t\t\t<section class=\"elementor-section elementor-top-section elementor-element elementor-element-b47037e elementor-section-boxed elementor-section-height-default elementor-section-height-default\" data-id=\"b47037e\" data-element_type=\"section\" data-e-type=\"section\">\r\n\t\t\t\t\t\t<div class=\"elementor-container elementor-column-gap-default jws_section_\" >\r\n\t\t\t\t<div class=\"elementor-column elementor-col-100 elementor-top-column elementor-element elementor-element-ff5eaf7\" data-id=\"ff5eaf7\" data-element_type=\"column\" data-e-type=\"column\">\n\t\t\t<div class=\"elementor-widget-wrap elementor-element-populated\">\n\t\t\t\t\t\t<div class=\"elementor-element elementor-element-e9c8094 elementor-widget elementor-widget-jws_gallery\" data-id=\"e9c8094\" data-element_type=\"widget\" data-e-type=\"widget\" data-widget_type=\"jws_gallery.default\">\n\t\t\t\t<div class=\"elementor-widget-container\">\n\t\t\t\t\t         <div class=\"jws_gallery_element\">\r\n                    \r\n         \r\n         \r\n         \r\n            <div class=\"jws_gallery gallery row layout2  masonry dots- navs-\"  data-gallery=\"jws-custom-e9c8094\">\r\n                 <div class=\"grid-sizer col-xl-3 col-lg-6\"><\/div> \r\n                                                        <div class=\"elementor-repeater-item-877de07 jws_gallery_item col-xl-6 col-lg-6  title description\"   data-gallery-image data-gallery-item=\"0\" >\r\n                        <div class=\"jws_gallery_inner\">\r\n    <a class=\"jws-popup-global\" href=\"http:\/\/spotlightnigeria-france.com\/wp-content\/uploads\/2023\/08\/S1.jpg\">    <div class=\"jws_gallery_image\">\r\n      <img fetchpriority=\"high\" decoding=\"async\" width=\"480\" height=\"275\" src=\"https:\/\/spotlightnigeria-france.com\/wp-content\/uploads\/2023\/08\/S1.jpg\" class=\"attachment-full size-full wp-image-10547\" alt=\"@Spotlight Nigeria\" srcset=\"https:\/\/spotlightnigeria-france.com\/wp-content\/uploads\/2023\/08\/S1.jpg 480w, https:\/\/spotlightnigeria-france.com\/wp-content\/uploads\/2023\/08\/S1-300x172.jpg 300w\" sizes=\"(max-width: 480px) 100vw, 480px\" \/>    <\/div>\r\n    \r\n    <div class=\"jws_gallery_content\">\r\n        <div class=\"jws_hover_content\">\r\n            <h6 class=\"title\">PR\u00c9SENTATIONS<\/h6>\r\n            <p class=\"description\">@Spotlight Nigeria<\/p>\r\n        <\/div>\r\n            \r\n    <\/div>\r\n    <\/a> <\/div>\r\n\r\n                    <\/div>\r\n                                    <div class=\"elementor-repeater-item-24973e9 jws_gallery_item col-xl-3 col-lg-6  title description\"   data-gallery-image data-gallery-item=\"1\" >\r\n                        <div class=\"jws_gallery_inner\">\r\n    <a class=\"jws-popup-global\" href=\"http:\/\/spotlightnigeria-france.com\/wp-content\/uploads\/2023\/08\/person1.jpg\">    <div class=\"jws_gallery_image\">\r\n      <img decoding=\"async\" src=\"https:\/\/spotlightnigeria-france.com\/wp-content\/uploads\/elementor\/thumbs\/person1-qashb5qm1xjbwa2znv7he0a7c5kxceipbyp3k7xh1i.jpg\" title=\"personne1\" alt=\"person1\" loading=\"lazy\" \/>    <\/div>\r\n    \r\n    <div class=\"jws_gallery_content\">\r\n        <div class=\"jws_hover_content\">\r\n            <h6 class=\"title\">personne1<\/h6>\r\n            <p class=\"description\"><\/p>\r\n        <\/div>\r\n            \r\n    <\/div>\r\n    <\/a> <\/div>\r\n\r\n                    <\/div>\r\n                                    <div class=\"elementor-repeater-item-bf06641 jws_gallery_item col-xl-3 col-lg-6  title description\"   data-gallery-image data-gallery-item=\"2\" >\r\n                        <div class=\"jws_gallery_inner\">\r\n    <a class=\"jws-popup-global\" href=\"http:\/\/spotlightnigeria-france.com\/wp-content\/uploads\/2023\/08\/52418696138_53f8924a4c_o.jpg\">    <div class=\"jws_gallery_image\">\r\n      <img decoding=\"async\" src=\"https:\/\/spotlightnigeria-france.com\/wp-content\/uploads\/elementor\/thumbs\/52418696138_53f8924a4c_o-qashb5qm1xjbwa2znv7he0a7c5kxceipbyp3k7xh1i.jpg\" title=\"52418696138_53f8924a4c_o\" alt=\"52418696138_53f8924a4c_o\" loading=\"lazy\" \/>    <\/div>\r\n    \r\n    <div class=\"jws_gallery_content\">\r\n        <div class=\"jws_hover_content\">\r\n            <h6 class=\"title\">52418696138_53f8924a4c_o<\/h6>\r\n            <p class=\"description\"><\/p>\r\n        <\/div>\r\n            \r\n    <\/div>\r\n    <\/a> <\/div>\r\n\r\n                    <\/div>\r\n                                    <div class=\"elementor-repeater-item-f859114 jws_gallery_item col-xl-3 col-lg-6  title description\"   data-gallery-image data-gallery-item=\"3\" >\r\n                        <div class=\"jws_gallery_inner\">\r\n    <a class=\"jws-popup-global\" href=\"http:\/\/spotlightnigeria-france.com\/wp-content\/uploads\/2023\/08\/52418695888_5e2a06013c_o-e1691753443770.jpg\">    <div class=\"jws_gallery_image\">\r\n      <img decoding=\"async\" src=\"https:\/\/spotlightnigeria-france.com\/wp-content\/uploads\/elementor\/thumbs\/52418695888_5e2a06013c_o-e1691753443770-qashb5qm1xigsnq2o8ey0t0l5ic50943s9jla4epp2.jpg\" title=\"52418695888_5e2a06013c_o\" alt=\"52418695888_5e2a06013c_o\" loading=\"lazy\" \/>    <\/div>\r\n    \r\n    <div class=\"jws_gallery_content\">\r\n        <div class=\"jws_hover_content\">\r\n            <h6 class=\"title\">52418695888_5e2a06013c_o<\/h6>\r\n            <p class=\"description\"><\/p>\r\n        <\/div>\r\n            \r\n    <\/div>\r\n    <\/a> <\/div>\r\n\r\n                    <\/div>\r\n                                    <div class=\"elementor-repeater-item-29019e3 jws_gallery_item col-xl-6 col-lg-6  title description\"   data-gallery-image data-gallery-item=\"4\" >\r\n                        <div class=\"jws_gallery_inner\">\r\n    <a class=\"jws-popup-global\" href=\"http:\/\/spotlightnigeria-france.com\/wp-content\/uploads\/2023\/08\/52418696533_0509971051_o-e1691753478782.jpg\">    <div class=\"jws_gallery_image\">\r\n      <img decoding=\"async\" width=\"640\" height=\"518\" src=\"https:\/\/spotlightnigeria-france.com\/wp-content\/uploads\/2023\/08\/52418696533_0509971051_o-e1691753478782.jpg\" class=\"attachment-large size-large wp-image-10405\" alt=\"\" srcset=\"https:\/\/spotlightnigeria-france.com\/wp-content\/uploads\/2023\/08\/52418696533_0509971051_o-e1691753478782.jpg 657w, https:\/\/spotlightnigeria-france.com\/wp-content\/uploads\/2023\/08\/52418696533_0509971051_o-e1691753478782-300x243.jpg 300w\" sizes=\"(max-width: 640px) 100vw, 640px\" \/>    <\/div>\r\n    \r\n    <div class=\"jws_gallery_content\">\r\n        <div class=\"jws_hover_content\">\r\n            <h6 class=\"title\">52418696533_0509971051_o<\/h6>\r\n            <p class=\"description\"><\/p>\r\n        <\/div>\r\n            \r\n    <\/div>\r\n    <\/a> <\/div>\r\n\r\n                    <\/div>\r\n                                    <div class=\"elementor-repeater-item-88da5e4 jws_gallery_item col-xl-3 col-lg-6  title description\"   data-gallery-image data-gallery-item=\"5\" >\r\n                        <div class=\"jws_gallery_inner\">\r\n    <a class=\"jws-popup-global\" href=\"http:\/\/spotlightnigeria-france.com\/wp-content\/uploads\/2023\/08\/52418694433_04a00b2fde_o-e1691753516271.jpg\">    <div class=\"jws_gallery_image\">\r\n      <img decoding=\"async\" src=\"https:\/\/spotlightnigeria-france.com\/wp-content\/uploads\/elementor\/thumbs\/52418694433_04a00b2fde_o-e1691753516271-qashb5qm1xigsnq2o8ey0t0l5ic50943s9jla4epp2.jpg\" title=\"52418694433_04a00b2fde_o\" alt=\"52418694433_04a00b2fde_o\" loading=\"lazy\" \/>    <\/div>\r\n    \r\n    <div class=\"jws_gallery_content\">\r\n        <div class=\"jws_hover_content\">\r\n            <h6 class=\"title\">52418694433_04a00b2fde_o<\/h6>\r\n            <p class=\"description\"><\/p>\r\n        <\/div>\r\n            \r\n    <\/div>\r\n    <\/a> <\/div>\r\n\r\n                    <\/div>\r\n                                    <div class=\"elementor-repeater-item-381fe17 jws_gallery_item col-xl-6 col-lg-6  title description\"   data-gallery-image data-gallery-item=\"6\" >\r\n                        <div class=\"jws_gallery_inner\">\r\n    <a class=\"jws-popup-global\" href=\"http:\/\/spotlightnigeria-france.com\/wp-content\/uploads\/2023\/08\/L1-1.jpg\">    <div class=\"jws_gallery_image\">\r\n      <img decoding=\"async\" src=\"https:\/\/spotlightnigeria-france.com\/wp-content\/uploads\/elementor\/thumbs\/L1-1-qashb5qq3j1k8eqepi0rgh8pqglrkrp7ll5gngzkxq.jpg\" title=\"L1\" alt=\"L1\" loading=\"lazy\" \/>    <\/div>\r\n    \r\n    <div class=\"jws_gallery_content\">\r\n        <div class=\"jws_hover_content\">\r\n            <h6 class=\"title\">L1<\/h6>\r\n            <p class=\"description\"><\/p>\r\n        <\/div>\r\n            \r\n    <\/div>\r\n    <\/a> <\/div>\r\n\r\n                    <\/div>\r\n                                    <div class=\"elementor-repeater-item-e836256 jws_gallery_item col-xl-6 col-lg-6  title description\"   data-gallery-image data-gallery-item=\"7\" >\r\n                        <div class=\"jws_gallery_inner\">\r\n    <a class=\"jws-popup-global\" href=\"http:\/\/spotlightnigeria-france.com\/wp-content\/uploads\/2023\/08\/72be1f3f_c-1.jpg\">    <div class=\"jws_gallery_image\">\r\n      <img decoding=\"async\" src=\"https:\/\/spotlightnigeria-france.com\/wp-content\/uploads\/elementor\/thumbs\/72be1f3f_c-1-qashb5qq3j3gd9ha8ttngqrneyucx6dunang784fy8.jpg\" title=\"72be1f3f_c\" alt=\"72be1f3f_c\" loading=\"lazy\" \/>    <\/div>\r\n    \r\n    <div class=\"jws_gallery_content\">\r\n        <div class=\"jws_hover_content\">\r\n            <h6 class=\"title\">72be1f3f_c<\/h6>\r\n            <p class=\"description\"><\/p>\r\n        <\/div>\r\n            \r\n    <\/div>\r\n    <\/a> <\/div>\r\n\r\n                    <\/div>\r\n                                    <div class=\"elementor-repeater-item-36ec8e4 jws_gallery_item col-xl-3 col-lg-6  title description\"   data-gallery-image data-gallery-item=\"8\" >\r\n                        <div class=\"jws_gallery_inner\">\r\n    <a class=\"jws-popup-global\" href=\"http:\/\/spotlightnigeria-france.com\/wp-content\/uploads\/2023\/08\/52418696698_a2f394763f_o.jpg\">    <div class=\"jws_gallery_image\">\r\n      <img decoding=\"async\" src=\"https:\/\/spotlightnigeria-france.com\/wp-content\/uploads\/elementor\/thumbs\/52418696698_a2f394763f_o-qashb5qm1xigsnq2o8ey0t0l5ic50943s9jla4epp2.jpg\" title=\"52418696698_a2f394763f_o\" alt=\"52418696698_a2f394763f_o\" loading=\"lazy\" \/>    <\/div>\r\n    \r\n    <div class=\"jws_gallery_content\">\r\n        <div class=\"jws_hover_content\">\r\n            <h6 class=\"title\">52418696698_a2f394763f_o<\/h6>\r\n            <p class=\"description\"><\/p>\r\n        <\/div>\r\n            \r\n    <\/div>\r\n    <\/a> <\/div>\r\n\r\n                    <\/div>\r\n                                    <div class=\"elementor-repeater-item-33f628a jws_gallery_item col-xl-3 col-lg-6  title description\"   data-gallery-image data-gallery-item=\"9\" >\r\n                        <div class=\"jws_gallery_inner\">\r\n    <a class=\"jws-popup-global\" href=\"http:\/\/spotlightnigeria-france.com\/wp-content\/uploads\/2023\/08\/52418696738_8584d1e978_o.jpg\">    <div class=\"jws_gallery_image\">\r\n      <img decoding=\"async\" src=\"https:\/\/spotlightnigeria-france.com\/wp-content\/uploads\/elementor\/thumbs\/52418696738_8584d1e978_o-qashb6og8rjr49opiqtklas1qw7i7y7u4e72redbiu.jpg\" title=\"52418696738_8584d1e978_o\" alt=\"52418696738_8584d1e978_o\" loading=\"lazy\" \/>    <\/div>\r\n    \r\n    <div class=\"jws_gallery_content\">\r\n        <div class=\"jws_hover_content\">\r\n            <h6 class=\"title\">52418696738_8584d1e978_o<\/h6>\r\n            <p class=\"description\"><\/p>\r\n        <\/div>\r\n            \r\n    <\/div>\r\n    <\/a> <\/div>\r\n\r\n                    <\/div>\r\n                            <\/div>\r\n         <\/div>   \r\n        \t\t\t\t<\/div>\n\t\t\t\t<\/div>\n\t\t\t\t\t<\/div>\n\t\t<\/div>\n\t\t\t\t      \r\n            \r\n              \r\n            \r\n            \t\r\n\t\t\t<\/div>\r\n\t\t<\/section>\r\n\t\t\t\t<section class=\"elementor-section elementor-top-section elementor-element elementor-element-3c65895 elementor-section-boxed elementor-section-height-default elementor-section-height-default\" data-id=\"3c65895\" data-element_type=\"section\" data-e-type=\"section\">\r\n\t\t\t\t\t\t<div class=\"elementor-container elementor-column-gap-default jws_section_\" >\r\n\t\t\t\t<div class=\"elementor-column elementor-col-100 elementor-top-column elementor-element elementor-element-013bcc3\" data-id=\"013bcc3\" data-element_type=\"column\" data-e-type=\"column\">\n\t\t\t<div class=\"elementor-widget-wrap elementor-element-populated\">\n\t\t\t\t\t\t<div class=\"elementor-element elementor-element-806e9b0 elementor-widget__width-inherit elementor-widget elementor-widget-jws_widget_heading\" data-id=\"806e9b0\" data-element_type=\"widget\" data-e-type=\"widget\" data-widget_type=\"jws_widget_heading.default\">\n\t\t\t\t<div class=\"elementor-widget-container\">\n\t\t\t\t\t<div class=\"title-wrapper  center\"><h3 class=\"title\">Vous voulez voir plus de photos des \u00e9ditions pr\u00e9c\u00e9dentes ?<\/h3><\/div>\t\t\t\t<\/div>\n\t\t\t\t<\/div>\n\t\t\t\t<div class=\"elementor-element elementor-element-6015a5b elementor-align-center elementor-widget elementor-widget-bloompixel-gradient-button\" data-id=\"6015a5b\" data-element_type=\"widget\" data-e-type=\"widget\" data-widget_type=\"bloompixel-gradient-button.default\">\n\t\t\t\t<div class=\"elementor-widget-container\">\n\t\t\t\t\t\t\t<div class=\"elementor-button-wrapper button-defautl\">\r\n\t\t\t<a href=\"https:\/\/www.flickr.com\/photos\/157014038@N02\/\" class=\"elementor-button-link elementor-button btn-main elementor-size-sm\" target=\"_blank\" role=\"button\">\r\n\t\t\t\t\t\t<span class=\"elementor-button-content-wrapper\">\r\n\t\t\t\t\t\t<span class=\"elementor-button-icon elementor-align-icon-\">\r\n\t\t\t\t  \r\n\t\t\t<\/span>\r\n\t\t\t\t\t\t<span class=\"elementor-button-text\"  >Consultez notre galerie Flickr<\/span>\r\n\t\t<\/span>\r\n\t\t\t\t\t<\/a>\r\n\t\t<\/div>\r\n\t\t\t\t\t\t<\/div>\n\t\t\t\t<\/div>\n\t\t\t\t\t<\/div>\n\t\t<\/div>\n\t\t\t\t      \r\n            \r\n              \r\n            \r\n            \t\r\n\t\t\t<\/div>\r\n\t\t<\/section>\r\n\t\t\t\t<\/div>","protected":false},"excerpt":{"rendered":"<p>PRESENTATIONS @Spotlight Nigeria person1 52418696138_53f8924a4c_o 52418695888_5e2a06013c_o 52418696533_0509971051_o 52418694433_04a00b2fde_o L1 72be1f3f_c 52418696698_a2f394763f_o 52418696738_8584d1e978_o Want to see more pictures from past editions? Check our Flickr Gallery<\/p>","protected":false},"author":1,"featured_media":0,"parent":0,"menu_order":0,"comment_status":"closed","ping_status":"closed","template":"","meta":{"rs_blank_template":"","rs_page_bg_color":"","slide_template_v7":"","footnotes":""},"class_list":["post-4429","page","type-page","status-publish","hentry"],"yoast_head":"<!-- This site is optimized with the Yoast SEO Premium plugin v27.4 (Yoast SEO v27.5) - https:\/\/yoast.com\/product\/yoast-seo-premium-wordpress\/ -->\n<title>Gallery - Spotlight Nigeria<\/title>\n<meta name=\"robots\" content=\"index, follow, max-snippet:-1, max-image-preview:large, max-video-preview:-1\" \/>\n<link rel=\"canonical\" href=\"https:\/\/spotlightnigeria-france.com\/fr\/gallery\/\" \/>\n<meta property=\"og:locale\" content=\"fr_FR\" \/>\n<meta property=\"og:type\" content=\"article\" \/>\n<meta property=\"og:title\" content=\"Gallery\" \/>\n<meta property=\"og:description\" content=\"PRESENTATIONS @Spotlight Nigeria person1 52418696138_53f8924a4c_o 52418695888_5e2a06013c_o 52418696533_0509971051_o 52418694433_04a00b2fde_o L1 72be1f3f_c 52418696698_a2f394763f_o 52418696738_8584d1e978_o Want to see more pictures from past editions? Check our Flickr Gallery\" \/>\n<meta property=\"og:url\" content=\"https:\/\/spotlightnigeria-france.com\/fr\/gallery\/\" \/>\n<meta property=\"og:site_name\" content=\"Spotlight Nigeria\" \/>\n<meta property=\"article:modified_time\" content=\"2023-08-11T11:40:11+00:00\" \/>\n<meta property=\"og:image\" content=\"http:\/\/spotlightnigeria-france.com\/wp-content\/uploads\/2023\/08\/S1.jpg\" \/>\n<meta name=\"twitter:card\" content=\"summary_large_image\" \/>\n<script type=\"application\/ld+json\" class=\"yoast-schema-graph\">{\"@context\":\"https:\\\/\\\/schema.org\",\"@graph\":[{\"@type\":\"WebPage\",\"@id\":\"https:\\\/\\\/spotlightnigeria-france.com\\\/gallery\\\/\",\"url\":\"https:\\\/\\\/spotlightnigeria-france.com\\\/gallery\\\/\",\"name\":\"Gallery - Spotlight Nigeria\",\"isPartOf\":{\"@id\":\"https:\\\/\\\/spotlightnigeria-france.com\\\/#website\"},\"primaryImageOfPage\":{\"@id\":\"https:\\\/\\\/spotlightnigeria-france.com\\\/gallery\\\/#primaryimage\"},\"image\":{\"@id\":\"https:\\\/\\\/spotlightnigeria-france.com\\\/gallery\\\/#primaryimage\"},\"thumbnailUrl\":\"http:\\\/\\\/spotlightnigeria-france.com\\\/wp-content\\\/uploads\\\/2023\\\/08\\\/S1.jpg\",\"datePublished\":\"2022-12-06T08:45:34+00:00\",\"dateModified\":\"2023-08-11T11:40:11+00:00\",\"breadcrumb\":{\"@id\":\"https:\\\/\\\/spotlightnigeria-france.com\\\/gallery\\\/#breadcrumb\"},\"inLanguage\":\"fr-FR\",\"potentialAction\":[{\"@type\":\"ReadAction\",\"target\":[\"https:\\\/\\\/spotlightnigeria-france.com\\\/gallery\\\/\"]}]},{\"@type\":\"ImageObject\",\"inLanguage\":\"fr-FR\",\"@id\":\"https:\\\/\\\/spotlightnigeria-france.com\\\/gallery\\\/#primaryimage\",\"url\":\"http:\\\/\\\/spotlightnigeria-france.com\\\/wp-content\\\/uploads\\\/2023\\\/08\\\/S1.jpg\",\"contentUrl\":\"http:\\\/\\\/spotlightnigeria-france.com\\\/wp-content\\\/uploads\\\/2023\\\/08\\\/S1.jpg\"},{\"@type\":\"BreadcrumbList\",\"@id\":\"https:\\\/\\\/spotlightnigeria-france.com\\\/gallery\\\/#breadcrumb\",\"itemListElement\":[{\"@type\":\"ListItem\",\"position\":1,\"name\":\"Home\",\"item\":\"https:\\\/\\\/spotlightnigeria-france.com\\\/\"},{\"@type\":\"ListItem\",\"position\":2,\"name\":\"Gallery\"}]},{\"@type\":\"WebSite\",\"@id\":\"https:\\\/\\\/spotlightnigeria-france.com\\\/#website\",\"url\":\"https:\\\/\\\/spotlightnigeria-france.com\\\/\",\"name\":\"Spotlight Nigeria\",\"description\":\"Business and Investment Forum\",\"potentialAction\":[{\"@type\":\"SearchAction\",\"target\":{\"@type\":\"EntryPoint\",\"urlTemplate\":\"https:\\\/\\\/spotlightnigeria-france.com\\\/?s={search_term_string}\"},\"query-input\":{\"@type\":\"PropertyValueSpecification\",\"valueRequired\":true,\"valueName\":\"search_term_string\"}}],\"inLanguage\":\"fr-FR\"}]}<\/script>\n<!-- \/ Yoast SEO Premium plugin. -->","yoast_head_json":{"title":"Galerie - Spotlight Nigeria","robots":{"index":"index","follow":"follow","max-snippet":"max-snippet:-1","max-image-preview":"max-image-preview:large","max-video-preview":"max-video-preview:-1"},"canonical":"https:\/\/spotlightnigeria-france.com\/fr\/gallery\/","og_locale":"fr_FR","og_type":"article","og_title":"Gallery","og_description":"PRESENTATIONS @Spotlight Nigeria person1 52418696138_53f8924a4c_o 52418695888_5e2a06013c_o 52418696533_0509971051_o 52418694433_04a00b2fde_o L1 72be1f3f_c 52418696698_a2f394763f_o 52418696738_8584d1e978_o Want to see more pictures from past editions? Check our Flickr Gallery","og_url":"https:\/\/spotlightnigeria-france.com\/fr\/gallery\/","og_site_name":"Spotlight Nigeria","article_modified_time":"2023-08-11T11:40:11+00:00","og_image":[{"url":"http:\/\/spotlightnigeria-france.com\/wp-content\/uploads\/2023\/08\/S1.jpg","type":"","width":"","height":""}],"twitter_card":"summary_large_image","schema":{"@context":"https:\/\/schema.org","@graph":[{"@type":"WebPage","@id":"https:\/\/spotlightnigeria-france.com\/gallery\/","url":"https:\/\/spotlightnigeria-france.com\/gallery\/","name":"Galerie - Spotlight Nigeria","isPartOf":{"@id":"https:\/\/spotlightnigeria-france.com\/#website"},"primaryImageOfPage":{"@id":"https:\/\/spotlightnigeria-france.com\/gallery\/#primaryimage"},"image":{"@id":"https:\/\/spotlightnigeria-france.com\/gallery\/#primaryimage"},"thumbnailUrl":"http:\/\/spotlightnigeria-france.com\/wp-content\/uploads\/2023\/08\/S1.jpg","datePublished":"2022-12-06T08:45:34+00:00","dateModified":"2023-08-11T11:40:11+00:00","breadcrumb":{"@id":"https:\/\/spotlightnigeria-france.com\/gallery\/#breadcrumb"},"inLanguage":"fr-FR","potentialAction":[{"@type":"ReadAction","target":["https:\/\/spotlightnigeria-france.com\/gallery\/"]}]},{"@type":"ImageObject","inLanguage":"fr-FR","@id":"https:\/\/spotlightnigeria-france.com\/gallery\/#primaryimage","url":"http:\/\/spotlightnigeria-france.com\/wp-content\/uploads\/2023\/08\/S1.jpg","contentUrl":"http:\/\/spotlightnigeria-france.com\/wp-content\/uploads\/2023\/08\/S1.jpg"},{"@type":"BreadcrumbList","@id":"https:\/\/spotlightnigeria-france.com\/gallery\/#breadcrumb","itemListElement":[{"@type":"ListItem","position":1,"name":"Home","item":"https:\/\/spotlightnigeria-france.com\/"},{"@type":"ListItem","position":2,"name":"Gallery"}]},{"@type":"WebSite","@id":"https:\/\/spotlightnigeria-france.com\/#website","url":"https:\/\/spotlightnigeria-france.com\/","name":"Spotlight Nig\u00e9ria","description":"Forum des affaires et de l&#039;investissement","potentialAction":[{"@type":"SearchAction","target":{"@type":"EntryPoint","urlTemplate":"https:\/\/spotlightnigeria-france.com\/?s={search_term_string}"},"query-input":{"@type":"PropertyValueSpecification","valueRequired":true,"valueName":"search_term_string"}}],"inLanguage":"fr-FR"}]}},"_links":{"self":[{"href":"https:\/\/spotlightnigeria-france.com\/fr\/wp-json\/wp\/v2\/pages\/4429","targetHints":{"allow":["GET"]}}],"collection":[{"href":"https:\/\/spotlightnigeria-france.com\/fr\/wp-json\/wp\/v2\/pages"}],"about":[{"href":"https:\/\/spotlightnigeria-france.com\/fr\/wp-json\/wp\/v2\/types\/page"}],"author":[{"embeddable":true,"href":"https:\/\/spotlightnigeria-france.com\/fr\/wp-json\/wp\/v2\/users\/1"}],"replies":[{"embeddable":true,"href":"https:\/\/spotlightnigeria-france.com\/fr\/wp-json\/wp\/v2\/comments?post=4429"}],"version-history":[{"count":0,"href":"https:\/\/spotlightnigeria-france.com\/fr\/wp-json\/wp\/v2\/pages\/4429\/revisions"}],"wp:attachment":[{"href":"https:\/\/spotlightnigeria-france.com\/fr\/wp-json\/wp\/v2\/media?parent=4429"}],"curies":[{"name":"wp","href":"https:\/\/api.w.org\/{rel}","templated":true}]}}